{"id":2,"date":"2024-09-18T17:09:47","date_gmt":"2024-09-18T17:09:47","guid":{"rendered":"https:\/\/tugcetemiz.com\/home\/tugcetemiz\/public_html\/?page_id=2"},"modified":"2024-11-26T23:36:12","modified_gmt":"2024-11-26T20:36:12","slug":"sample-page","status":"publish","type":"page","link":"https:\/\/tugcetemiz.com\/?page_id=2","title":{"rendered":"At\u00f6lyeleri"},"content":{"rendered":"\n<p><\/p>\n\n\n\n<p class=\"has-small-font-size\" style=\"line-height:1.4\">Eline kalem ald\u0131\u011f\u0131ndan beri \u00e7izen, resmeden, yazan biri olarak Tu\u011f\u00e7e&#8217;nin di\u011fer tutkusu insanlar\u0131n sanat alan\u0131nda kendi potansiyellerini ke\u015ffedebilmelerine e\u015flik ediyor olmak.<br><br>D\u00fczenlemi\u015f oldu\u011fu at\u00f6lyelerden haberdar olmak isteyenler <a href=\"https:\/\/instagram.com\/tugcetemizsanatatolyesi\" data-type=\"link\" data-id=\"https:\/\/instagram.com\/tugcetemizsanatatolyesi\" target=\"_blank\" rel=\"noreferrer noopener\">instagram<\/a> sayfas\u0131 \u00fczerinden g\u00fcncel olarak takip edebilir.<\/p>\n\n\n\n<ul class=\"wp-block-list\">\n<li class=\"has-small-font-size\"><strong>Karakalem At\u00f6lyesi<\/strong><\/li>\n\n\n\n<li class=\"has-small-font-size\"><strong>Suluboya At\u00f6lyesi  <\/strong><\/li>\n\n\n\n<li class=\"has-small-font-size\"><strong>Mandala At\u00f6lyesi<\/strong><\/li>\n\n\n\n<li class=\"has-small-font-size\"><strong>\u0130ll\u00fcstrasyon At\u00f6lyesi<\/strong><\/li>\n<\/ul>\n\n\n\n<div class=\"wp-block-responsive-lightbox-gallery\"><div class=\"rl-gallery-container rl-loading\" id=\"rl-gallery-container-1\" data-gallery_id=\"89\"> <div class=\"rl-gallery rl-basicmasonry-gallery \" id=\"rl-gallery-1\" data-gallery_no=\"1\"> <div class=\"rl-gutter-sizer\"><\/div><div class=\"rl-grid-sizer\"><\/div> <div class=\"rl-gallery-item rl-gallery-item-width-4\" > <div class=\"rl-gallery-item-content\"> <a href=\"https:\/\/tugcetemiz.com\/wp-content\/uploads\/2024\/09\/WhatsApp-Image-2024-09-19-at-00.17.32.jpeg\" title=\"\" data-rl_title=\"\" class=\"rl-gallery-link\" data-rl_caption=\"\" data-rel=\"lightbox-gallery-1\"><img loading=\"lazy\" decoding=\"async\" src=\"https:\/\/tugcetemiz.com\/wp-content\/uploads\/2024\/09\/WhatsApp-Image-2024-09-19-at-00.17.32-150x150.jpeg\" width=\"150\" height=\"150\" alt=\"\"\/><\/a> <\/div> <\/div> <div class=\"rl-gallery-item\" > <div class=\"rl-gallery-item-content\"> <a href=\"https:\/\/tugcetemiz.com\/wp-content\/uploads\/2024\/09\/WhatsApp-Image-2024-09-19-at-00.17.29.jpeg\" title=\"\" data-rl_title=\"\" class=\"rl-gallery-link\" data-rl_caption=\"\" data-rel=\"lightbox-gallery-1\"><img loading=\"lazy\" decoding=\"async\" src=\"https:\/\/tugcetemiz.com\/wp-content\/uploads\/2024\/09\/WhatsApp-Image-2024-09-19-at-00.17.29-150x150.jpeg\" width=\"150\" height=\"150\" alt=\"\"\/><\/a> <\/div> <\/div> <div class=\"rl-gallery-item\" > <div class=\"rl-gallery-item-content\"> <a href=\"https:\/\/tugcetemiz.com\/wp-content\/uploads\/2024\/09\/WhatsApp-Image-2024-09-19-at-00.17.31.jpeg\" title=\"\" data-rl_title=\"\" class=\"rl-gallery-link\" data-rl_caption=\"\" data-rel=\"lightbox-gallery-1\"><img loading=\"lazy\" decoding=\"async\" src=\"https:\/\/tugcetemiz.com\/wp-content\/uploads\/2024\/09\/WhatsApp-Image-2024-09-19-at-00.17.31-150x150.jpeg\" width=\"150\" height=\"150\" alt=\"\"\/><\/a> <\/div> <\/div> <div class=\"rl-gallery-item\" > <div class=\"rl-gallery-item-content\"> <a href=\"https:\/\/tugcetemiz.com\/wp-content\/uploads\/2024\/09\/WhatsApp-Image-2024-09-19-at-00.17.31-1.jpeg\" title=\"\" data-rl_title=\"\" class=\"rl-gallery-link\" data-rl_caption=\"\" data-rel=\"lightbox-gallery-1\"><img loading=\"lazy\" decoding=\"async\" src=\"https:\/\/tugcetemiz.com\/wp-content\/uploads\/2024\/09\/WhatsApp-Image-2024-09-19-at-00.17.31-1-150x150.jpeg\" width=\"150\" height=\"150\" alt=\"\"\/><\/a> <\/div> <\/div> <div class=\"rl-gallery-item\" > <div class=\"rl-gallery-item-content\"> <a href=\"https:\/\/tugcetemiz.com\/wp-content\/uploads\/2024\/09\/WhatsApp-Image-2024-09-19-at-00.17.27.jpeg\" title=\"\" data-rl_title=\"\" class=\"rl-gallery-link\" data-rl_caption=\"\" data-rel=\"lightbox-gallery-1\"><img loading=\"lazy\" decoding=\"async\" src=\"https:\/\/tugcetemiz.com\/wp-content\/uploads\/2024\/09\/WhatsApp-Image-2024-09-19-at-00.17.27-150x150.jpeg\" width=\"150\" height=\"150\" alt=\"\"\/><\/a> <\/div> <\/div> <div class=\"rl-gallery-item\" > <div class=\"rl-gallery-item-content\"> <a href=\"https:\/\/tugcetemiz.com\/wp-content\/uploads\/2024\/09\/WhatsApp-Image-2024-09-19-at-00.46.06-1.jpeg\" title=\"\" data-rl_title=\"\" class=\"rl-gallery-link\" data-rl_caption=\"\" data-rel=\"lightbox-gallery-1\"><img loading=\"lazy\" decoding=\"async\" src=\"https:\/\/tugcetemiz.com\/wp-content\/uploads\/2024\/09\/WhatsApp-Image-2024-09-19-at-00.46.06-1-150x150.jpeg\" width=\"150\" height=\"150\" alt=\"\"\/><\/a> <\/div> <\/div> <div class=\"rl-gallery-item\" > <div class=\"rl-gallery-item-content\"> <a href=\"https:\/\/tugcetemiz.com\/wp-content\/uploads\/2024\/09\/WhatsApp-Image-2024-09-19-at-00.46.05.jpeg\" title=\"\" data-rl_title=\"\" class=\"rl-gallery-link\" data-rl_caption=\"\" data-rel=\"lightbox-gallery-1\"><img loading=\"lazy\" decoding=\"async\" src=\"https:\/\/tugcetemiz.com\/wp-content\/uploads\/2024\/09\/WhatsApp-Image-2024-09-19-at-00.46.05-150x150.jpeg\" width=\"150\" height=\"150\" alt=\"\"\/><\/a> <\/div> <\/div> <div class=\"rl-gallery-item\" > <div class=\"rl-gallery-item-content\"> <a href=\"https:\/\/tugcetemiz.com\/wp-content\/uploads\/2024\/09\/WhatsApp-Image-2024-09-19-at-00.46.06.jpeg\" title=\"\" data-rl_title=\"\" class=\"rl-gallery-link\" data-rl_caption=\"\" data-rel=\"lightbox-gallery-1\"><img loading=\"lazy\" decoding=\"async\" src=\"https:\/\/tugcetemiz.com\/wp-content\/uploads\/2024\/09\/WhatsApp-Image-2024-09-19-at-00.46.06-150x150.jpeg\" width=\"150\" height=\"150\" alt=\"\"\/><\/a> <\/div> <\/div> <div class=\"rl-gallery-item\" > <div class=\"rl-gallery-item-content\"> <a href=\"https:\/\/tugcetemiz.com\/wp-content\/uploads\/2024\/09\/WhatsApp-Image-2024-09-19-at-00.46.05-1.jpeg\" title=\"\" data-rl_title=\"\" class=\"rl-gallery-link\" data-rl_caption=\"\" data-rel=\"lightbox-gallery-1\"><img loading=\"lazy\" decoding=\"async\" src=\"https:\/\/tugcetemiz.com\/wp-content\/uploads\/2024\/09\/WhatsApp-Image-2024-09-19-at-00.46.05-1-150x150.jpeg\" width=\"150\" height=\"150\" alt=\"\"\/><\/a> <\/div> <\/div> <div class=\"rl-gallery-item\" > <div class=\"rl-gallery-item-content\"> <a href=\"https:\/\/tugcetemiz.com\/wp-content\/uploads\/2024\/09\/WhatsApp-Image-2024-09-19-at-00.46.05-2.jpeg\" title=\"\" data-rl_title=\"\" class=\"rl-gallery-link\" data-rl_caption=\"\" data-rel=\"lightbox-gallery-1\"><img loading=\"lazy\" decoding=\"async\" src=\"https:\/\/tugcetemiz.com\/wp-content\/uploads\/2024\/09\/WhatsApp-Image-2024-09-19-at-00.46.05-2-150x150.jpeg\" width=\"150\" height=\"150\" alt=\"\"\/><\/a> <\/div> <\/div> <\/div> <\/div><\/div>\n\n\n\n<figure class=\"wp-block-pullquote has-text-align-center has-small-font-size\"><blockquote><p><strong>Sanat; iyidir! \u00c7ocuk ve yeti\u015fkinler i\u00e7in sanat \u00e7ok daha iyidir!<\/strong><\/p><cite>Online ve y\u00fcz y\u00fcze at\u00f6lyeler i\u00e7in ileti\u015fime ge\u00e7ebilirsiniz.<\/cite><\/blockquote><\/figure>\n\n\n\n<div class=\"wp-block-columns alignfull are-vertically-aligned-bottom is-layout-flex wp-container-core-columns-is-layout-64d9f4c5 wp-block-columns-is-layout-flex\" style=\"border-style:none;border-width:0px;border-radius:0px;margin-top:var(--wp--preset--spacing--30);margin-bottom:var(--wp--preset--spacing--30);padding-top:var(--wp--preset--spacing--70);padding-right:var(--wp--preset--spacing--70);padding-bottom:var(--wp--preset--spacing--70);padding-left:var(--wp--preset--spacing--70)\">\n<div class=\"wp-block-column is-vertically-aligned-bottom is-layout-flow wp-block-column-is-layout-flow\" style=\"flex-basis:100%\">\n<blockquote class=\"wp-block-quote is-layout-flow wp-block-quote-is-layout-flow\">\n<div class=\"wp-block-columns is-layout-flex wp-container-core-columns-is-layout-28f84493 wp-block-columns-is-layout-flex\">\n<div class=\"wp-block-column is-layout-flow wp-block-column-is-layout-flow\" style=\"flex-basis:100%\">\n<p class=\"has-text-align-center\"><\/p>\n<\/div>\n<\/div>\n<\/blockquote>\n<\/div>\n<\/div>\n\n\n\n<p><\/p>\n","protected":false},"excerpt":{"rendered":"<p>Eline kalem ald\u0131\u011f\u0131ndan beri \u00e7izen, resmeden, yazan biri olarak Tu\u011f\u00e7e&#8217;nin di\u011fer tutkusu insanlar\u0131n sanat alan\u0131nda kendi potansiyellerini ke\u015ffedebilmelerine e\u015flik ediyor olmak. D\u00fczenlemi\u015f oldu\u011fu at\u00f6lyelerden haberdar olmak isteyenler instagram sayfas\u0131 \u00fczerinden g\u00fcncel olarak takip edebilir. Sanat; iyidir! \u00c7ocuk ve yeti\u015fkinler i\u00e7in sanat \u00e7ok daha iyidir! Online ve y\u00fcz y\u00fcze at\u00f6lyeler i\u00e7in ileti\u015fime ge\u00e7ebilirsiniz.<\/p>\n","protected":false},"author":1,"featured_media":0,"parent":0,"menu_order":0,"comment_status":"closed","ping_status":"open","template":"","meta":{"footnotes":""},"class_list":["post-2","page","type-page","status-publish","hentry"],"_links":{"self":[{"href":"https:\/\/tugcetemiz.com\/index.php?rest_route=\/wp\/v2\/pages\/2","targetHints":{"allow":["GET"]}}],"collection":[{"href":"https:\/\/tugcetemiz.com\/index.php?rest_route=\/wp\/v2\/pages"}],"about":[{"href":"https:\/\/tugcetemiz.com\/index.php?rest_route=\/wp\/v2\/types\/page"}],"author":[{"embeddable":true,"href":"https:\/\/tugcetemiz.com\/index.php?rest_route=\/wp\/v2\/users\/1"}],"replies":[{"embeddable":true,"href":"https:\/\/tugcetemiz.com\/index.php?rest_route=%2Fwp%2Fv2%2Fcomments&post=2"}],"version-history":[{"count":22,"href":"https:\/\/tugcetemiz.com\/index.php?rest_route=\/wp\/v2\/pages\/2\/revisions"}],"predecessor-version":[{"id":441,"href":"https:\/\/tugcetemiz.com\/index.php?rest_route=\/wp\/v2\/pages\/2\/revisions\/441"}],"wp:attachment":[{"href":"https:\/\/tugcetemiz.com\/index.php?rest_route=%2Fwp%2Fv2%2Fmedia&parent=2"}],"curies":[{"name":"wp","href":"https:\/\/api.w.org\/{rel}","templated":true}]}}